{"id":375,"date":"2019-05-12T11:40:55","date_gmt":"2019-05-12T09:40:55","guid":{"rendered":"https:\/\/www.mr-roo.art\/gizlilik-politikasi\/"},"modified":"2026-02-26T19:41:52","modified_gmt":"2026-02-26T18:41:52","slug":"gizlilik-politikasi","status":"publish","type":"page","link":"https:\/\/www.mr-roo.art\/tr\/gizlilik-politikasi\/","title":{"rendered":"Gizlilik Politikas\u0131"},"content":{"rendered":"\n<div class=\"et_pb_section_0 et_pb_section et_section_regular et_block_section et_animated preset--module--divi-section--74c69059-8e69-4122-b1e6-dfeabf6c5711\"><div class=\"et_pb_row_0 et_pb_row et_pb_equal_columns et_block_row et_animated preset--module--divi-row--5138c454-be54-4233-bd3b-f8e6a8747976\"><div class=\"et_pb_column_0 et_pb_column et_pb_column_1_2 et_block_column et_pb_css_mix_blend_mode_passthrough preset--module--divi-column--73121f80-a3ef-4484-8763-c3f18e3c56d2\"><div class=\"et_pb_text_0 et_pb_text et_pb_bg_layout_light et_pb_module et_block_module preset--module--divi-text--2c55a9c4-feed-423b-9edb-ae0b5b365cac\"><div class=\"et_pb_text_inner\"><h1>Gizlilik Politikas\u0131<\/h1>\n<\/div><\/div><div class=\"et_pb_module et_pb_button_module_wrapper et_pb_button_0_wrapper preset--module--divi-button--1bffc0fc-42a0-49d1-bd9a-ae3ade2d7206_wrapper\"><a class=\"et_pb_button_0 et_pb_button et_pb_bg_layout_light et_animated et_pb_module et_block_module preset--module--divi-button--1bffc0fc-42a0-49d1-bd9a-ae3ade2d7206\" href=\"#more\">daha fazla oku<\/a><\/div><\/div><div class=\"et_pb_column_1 et_pb_column et_pb_column_1_2 et-last-child et_block_column et_pb_css_mix_blend_mode_passthrough preset--module--divi-column--73121f80-a3ef-4484-8763-c3f18e3c56d2\"><div class=\"et_pb_image_0 et_pb_image et_animated et_pb_module et_block_module preset--module--divi-image--1cc6152f-565c-4c4d-b0c9-cf8c9576c341\"><span class=\"et_pb_image_wrap\"><img loading=\"lazy\" decoding=\"async\" src=\"https:\/\/www.mr-roo.art\/wp-content\/uploads\/2025\/12\/nursel-oenen-portrait-2.png\" width=\"1200\" height=\"1500\" srcset=\"https:\/\/www.mr-roo.art\/wp-content\/uploads\/2025\/12\/nursel-oenen-portrait-2.png 1200w, https:\/\/www.mr-roo.art\/wp-content\/uploads\/2025\/12\/nursel-oenen-portrait-2-980x1225.png 980w, https:\/\/www.mr-roo.art\/wp-content\/uploads\/2025\/12\/nursel-oenen-portrait-2-480x600.png 480w\" sizes=\"(min-width: 0px) and (max-width: 480px) 480px, (min-width: 481px) and (max-width: 980px) 980px, (min-width: 981px) 1200px, 100vw\" class=\"wp-image-302\" title=\"Nursel \u00d6nen Portresi\" \/><\/span><\/div><\/div><\/div><\/div><div class=\"et_pb_section_1 et_pb_section et_section_regular et_block_section\" id=\"daha fazla\"><div class=\"et_pb_row_1 et_pb_row et_block_row\"><div class=\"et_pb_column_2 et_pb_column et_pb_column_4_4 et-last-child et_block_column et_pb_css_mix_blend_mode_passthrough\"><div class=\"et_pb_text_1 et_pb_text et_pb_bg_layout_light et_pb_module et_block_module\"><div class=\"et_pb_text_inner\"><p>Gizlilik Politikas\u0131<\/p>\n<\/div><\/div><div class=\"et_pb_text_2 et_pb_text et_pb_bg_layout_light et_pb_module et_block_module\"><div class=\"et_pb_text_inner\"><h2 class=\"legal-section\">\u00a7 1 Genel Bilgiler<\/h2>\n<p class=\"legal-text\">Ki\u015fisel verileriniz (\u00f6rn. unvan, ad, adres, e-posta adresi, telefon numaras\u0131) taraf\u0131m\u0131zdan yaln\u0131zca Alman veri koruma hukuku, Avrupa Birli\u011fi (AB) veri koruma hukuku (GDPR) ve T\u00fcrk veri koruma hukuku (KVKK - 6698 say\u0131l\u0131 Kanun) h\u00fck\u00fcmlerine uygun olarak i\u015flenecektir. A\u015fa\u011f\u0131daki h\u00fck\u00fcmler sizi i\u015fleme ama\u00e7lar\u0131, hukuki dayanaklar, al\u0131c\u0131lar, saklama s\u00fcreleri ile haklar\u0131n\u0131z ve veri i\u015fleme sorumlusu hakk\u0131nda bilgilendirir. Bu gizlilik politikas\u0131 yaln\u0131zca web sitelerimiz i\u00e7in ge\u00e7erlidir. Sayfalar\u0131m\u0131zdaki ba\u011flant\u0131lar arac\u0131l\u0131\u011f\u0131yla di\u011fer sitelere y\u00f6nlendirilirseniz, l\u00fctfen verilerinizin nas\u0131l i\u015flendi\u011fi konusunda ilgili sitelerden bilgi ediniz.   <\/p>\n<blockquote class=\"turkey-notice\">\n<p class=\"legal-text\"><strong>\ud83c\uddf9\ud83c\uddf7 T\u00fcrk m\u00fc\u015fteriler i\u00e7in not:<\/strong> T\u00fcrkiye merkezli bir i\u015fletme olarak, T\u00fcrk Ki\u015fisel Verilerin Korunmas\u0131 Kanunu'na (KVKK - Ki\u015fisel Verilerin Korunmas\u0131 Kanunu, 6698 say\u0131l\u0131 Kanun) da uyum sa\u011flamaktay\u0131z.<\/p>\n<\/blockquote>\n<hr class=\"legal-divider\">\n<h2 class=\"legal-section\">\u00a7 2 \u0130leti\u015fim<\/h2>\n<h3 class=\"legal-subsection\">(1) \u0130\u015fleme Amac\u0131<\/h3>\n<p class=\"legal-text\">E-posta, ileti\u015fim formu vb. yoluyla bize sa\u011flad\u0131\u011f\u0131n\u0131z ki\u015fisel verilerinizi, sorular\u0131n\u0131z\u0131 yan\u0131tlamak ve ele almak i\u00e7in i\u015flemekteyiz. Ki\u015fisel verilerinizi bize sa\u011flama y\u00fck\u00fcml\u00fcl\u00fc\u011f\u00fcn\u00fcz bulunmamaktad\u0131r. Ancak e-posta adresinizi sa\u011flamadan size e-posta yoluyla yan\u0131t veremeyiz.  <\/p>\n<h3 class=\"legal-subsection\">(2) Hukuki Dayanaklar<\/h3>\n<p class=\"legal-text\">a) Verilerinizin i\u015flenmesi i\u00e7in a\u00e7\u0131k r\u0131zan\u0131z\u0131 vermi\u015fseniz, bu i\u015fleme i\u00e7in hukuki dayanak GDPR Madde 6(1)(a)'d\u0131r.<\/p>\n<p class=\"legal-text\">b) S\u00f6zle\u015fme \u00f6ncesi tedbirleri ger\u00e7ekle\u015ftirmek i\u00e7in verilerinizi i\u015fliyorsak, hukuki dayanak GDPR Madde 6(1)(b)'dir.<\/p>\n<p class=\"legal-text\">c) Di\u011fer t\u00fcm durumlarda (\u00f6zellikle ileti\u015fim formu kullan\u0131rken), hukuki dayanak GDPR Madde 6(1)(f)'dir.<\/p>\n<blockquote class=\"legal-highlight\">\n<p class=\"legal-text\"><strong>\u0130T\u0130RAZ HAKKI:<\/strong> Do\u011frudan pazarlama amac\u0131 ta\u015f\u0131mayan GDPR Madde 6(1)(f) kapsam\u0131ndaki veri i\u015flemeye, \u00f6zel durumunuzdan kaynaklanan gerek\u00e7elerle her zaman itiraz etme hakk\u0131n\u0131z bulunmaktad\u0131r.<\/p>\n<p class=\"legal-text\">Do\u011frudan pazarlama durumunda, gerek\u00e7e g\u00f6stermeksizin her zaman i\u015flemeye itiraz edebilirsiniz.<\/p>\n<\/blockquote>\n<h3 class=\"legal-subsection\">(3) Me\u015fru Menfaat<\/h3>\n<p class=\"legal-text\">\u0130\u015flemedeki me\u015fru menfaatimiz sizinle h\u0131zl\u0131 ileti\u015fim kurmak ve sorular\u0131n\u0131z\u0131 maliyet etkin \u015fekilde yan\u0131tlamakt\u0131r. Bize adresinizi verirseniz, bunu posta yoluyla do\u011frudan pazarlama i\u00e7in kullanma hakk\u0131m\u0131z\u0131 sakl\u0131 tutar\u0131z. S\u0131n\u0131rl\u0131 veri a\u00e7\u0131klama yoluyla (\u00f6rn. takma ad kullanarak) veri koruma konusundaki menfaatinizi koruyabilirsiniz.  <\/p>\n<h3 class=\"legal-subsection\">(4) Al\u0131c\u0131 Kategorileri<\/h3>\n<p class=\"legal-text\">Hosting sa\u011flay\u0131c\u0131lar\u0131, do\u011frudan pazarlama i\u00e7in kargo hizmet sa\u011flay\u0131c\u0131lar\u0131<\/p>\n<h3 class=\"legal-subsection\">(5) Saklama S\u00fcresi<\/h3>\n<p class=\"legal-text\">Verileriniz, sorgunuzun veya s\u00f6z konusu konunun kesin olarak \u00e7\u00f6z\u00fcmlendi\u011fi durumlardan anla\u015f\u0131labildi\u011finde silinecektir.<\/p>\n<p class=\"legal-text\">Ancak bir s\u00f6zle\u015fme akdedilirse, ticari ve vergi hukuku kapsam\u0131nda gerekli veriler yasal olarak \u00f6ng\u00f6r\u00fclen s\u00fcreler boyunca taraf\u0131m\u0131zca saklanacakt\u0131r, bu s\u00fcre genellikle on y\u0131ld\u0131r (bkz. \u00a7 257 HGB, \u00a7 147 AO).<\/p>\n<h3 class=\"legal-subsection\">(6) Geri \u00c7ekme Hakk\u0131<\/h3>\n<p class=\"legal-text\">\u0130\u015fleme r\u0131zan\u0131za dayan\u0131yorsa, r\u0131zan\u0131z\u0131 her zaman geri \u00e7ekme hakk\u0131n\u0131z bulunmaktad\u0131r.<\/p>\n<hr class=\"legal-divider\">\n<h2 class=\"legal-section\">\u00a7 3 Veri Sahibi Olarak Haklar\u0131n\u0131z<\/h2>\n<p class=\"legal-text\">Sizden ki\u015fisel veri i\u015fleniyorsa, GDPR anlam\u0131nda veri sahibisiniz ve veri sorumlusu olarak bizim kar\u015f\u0131m\u0131zda a\u015fa\u011f\u0131daki haklara sahipsiniz:<\/p>\n<h3 class=\"legal-subsection\">1. Bilgi Alma Hakk\u0131<\/h3>\n<p class=\"legal-text\">GDPR Madde 15 kapsam\u0131nda taraf\u0131m\u0131zca i\u015flenen ki\u015fisel verileriniz hakk\u0131nda bilgi talep edebilirsiniz.<\/p>\n<h3 class=\"legal-subsection\">2. D\u00fczeltme Hakk\u0131<\/h3>\n<p class=\"legal-text\">Sizinle ilgili bilgiler (art\u0131k) do\u011fru de\u011filse, GDPR Madde 16'ya g\u00f6re d\u00fczeltme talep edebilirsiniz. Verileriniz eksikse, tamamlanmas\u0131n\u0131 talep edebilirsiniz. <\/p>\n<h3 class=\"legal-subsection\">3. Silme Hakk\u0131<\/h3>\n<p class=\"legal-text\">GDPR Madde 17 ko\u015fullar\u0131 alt\u0131nda ki\u015fisel verilerinizin silinmesini talep edebilirsiniz.<\/p>\n<h3 class=\"legal-subsection\">4. \u0130\u015flemenin K\u0131s\u0131tlanmas\u0131 Hakk\u0131<\/h3>\n<p class=\"legal-text\">GDPR Madde 18 kapsam\u0131nda, sizinle ilgili verilerin i\u015flenmesinin k\u0131s\u0131tlanmas\u0131n\u0131 talep etme hakk\u0131n\u0131z bulunmaktad\u0131r.<\/p>\n<h3 class=\"legal-subsection\">5. Veri Ta\u015f\u0131nabilirli\u011fi Hakk\u0131<\/h3>\n<p class=\"legal-text\">GDPR Madde 20'ye g\u00f6re, bize sa\u011flad\u0131\u011f\u0131n\u0131z sizinle ilgili ki\u015fisel verileri yap\u0131land\u0131r\u0131lm\u0131\u015f, yayg\u0131n kullan\u0131lan ve makine taraf\u0131ndan okunabilir formatta alma veya ba\u015fka bir veri sorumlusuna aktar\u0131lmas\u0131n\u0131 talep etme hakk\u0131n\u0131z bulunmaktad\u0131r.<\/p>\n<h3 class=\"legal-subsection\">6. Veri Koruma R\u0131zas\u0131n\u0131 Geri \u00c7ekme Hakk\u0131<\/h3>\n<p class=\"legal-text\">GDPR Madde 7(3)'e g\u00f6re, veri koruma r\u0131zan\u0131z\u0131 her zaman geri \u00e7ekme hakk\u0131n\u0131z bulunmaktad\u0131r. Geri \u00e7ekmeye kadar r\u0131za temelinde ger\u00e7ekle\u015ftirilen i\u015flemenin hukuka uygunlu\u011fu etkilenmez. <\/p>\n<h3 class=\"legal-subsection\">7. Denetim Otoritesine \u015eikayette Bulunma Hakk\u0131<\/h3>\n<p class=\"legal-text\">Sizinle ilgili ki\u015fisel verilerin i\u015flenmesinin GDPR'yi ihlal etti\u011fine inan\u0131yorsan\u0131z, GDPR Madde 77'ye g\u00f6re bir denetim otoritesine (\u00f6zellikle ikamet etti\u011finiz, \u00e7al\u0131\u015ft\u0131\u011f\u0131n\u0131z \u00fcye devlette veya iddia edilen ihlalin ger\u00e7ekle\u015fti\u011fi yerde) \u015fikayette bulunma hakk\u0131n\u0131z bulunmaktad\u0131r.<\/p>\n<blockquote class=\"turkey-notice\">\n<p class=\"legal-text\"><strong>\ud83c\uddf9\ud83c\uddf7 T\u00fcrk m\u00fc\u015fteriler i\u00e7in:<\/strong> T\u00fcrk Ki\u015fisel Verileri Koruma Kurumu'na (Ki\u015fisel Verileri Koruma Kurumu - KVKK) da \u015fikayette bulunabilirsiniz: <a href=\"https:\/\/www.kvkk.gov.tr\" target=\"_blank\" rel=\"noopener\">https:\/\/www.kvkk.gov.tr<\/a><\/p>\n<\/blockquote>\n<blockquote class=\"legal-highlight\">\n<p class=\"legal-text\"><strong>L\u00fctfen GDPR Madde 21'e g\u00f6re itiraz hakk\u0131n\u0131z\u0131 da dikkate al\u0131n\u0131z:<\/strong><\/p>\n<p class=\"legal-text\"><strong>a) Genel: gerek\u00e7eli itiraz gereklidir<\/strong><\/p>\n<p class=\"legal-text\">Sizinle ilgili ki\u015fisel veriler i\u015fleniyorsa:<\/p>\n<ul class=\"legal-list\">\n<li>\u00fcst\u00fcn me\u015fru menfaatimizi korumak i\u00e7in (GDPR Madde 6(1)(f)'ye g\u00f6re hukuki dayanak) veya<\/li>\n<li>kamu yarar\u0131na (GDPR Madde 6(1)(e)'ye g\u00f6re hukuki dayanak),<\/li>\n<\/ul>\n<p class=\"legal-text\">\u00f6zel durumunuzdan kaynaklanan gerek\u00e7elerle her zaman i\u015flemeye itiraz etme hakk\u0131n\u0131z bulunmaktad\u0131r; bu durum GDPR h\u00fck\u00fcmlerine dayal\u0131 profilleme i\u00e7in de ge\u00e7erlidir.<\/p>\n<p class=\"legal-text\">\u0130tiraz durumunda, menfaatlerinizi, haklar\u0131n\u0131z\u0131 ve \u00f6zg\u00fcrl\u00fcklerinizi ge\u00e7ersiz k\u0131lan i\u015fleme i\u00e7in zorlay\u0131c\u0131 me\u015fru gerek\u00e7eler g\u00f6sterebilece\u011fimiz veya i\u015fleme hukuki iddialar\u0131n ileri s\u00fcr\u00fclmesi, kullan\u0131lmas\u0131 veya savunulmas\u0131 amac\u0131na hizmet etti\u011fi durumlar d\u0131\u015f\u0131nda, sizinle ilgili ki\u015fisel verileri art\u0131k i\u015flemeyece\u011fiz.<\/p>\n<p class=\"legal-text\"><strong>b) \u00d6zel durum do\u011frudan pazarlama: basit itiraz yeterlidir<\/strong><\/p>\n<p class=\"legal-text\">Sizinle ilgili ki\u015fisel veriler do\u011frudan pazarlama ama\u00e7lar\u0131 i\u00e7in i\u015fleniyorsa, gerek\u00e7e g\u00f6stermeksizin her zaman bu i\u015flemeye itiraz etme hakk\u0131n\u0131z bulunmaktad\u0131r; bu durum s\u00f6z konusu do\u011frudan pazarlama ile ilgili oldu\u011fu \u00f6l\u00e7\u00fcde profilleme i\u00e7in de ge\u00e7erlidir.<\/p>\n<p class=\"legal-text\">Do\u011frudan pazarlama ama\u00e7lar\u0131 i\u00e7in i\u015flemeye itiraz ederseniz, sizinle ilgili ki\u015fisel veriler art\u0131k bu ama\u00e7lar i\u00e7in i\u015flenmeyecektir.<\/p>\n<\/blockquote>\n<hr class=\"legal-divider\">\n<h2 class=\"legal-section\">Veri \u0130\u015fleme Sorumlusu<\/h2>\n<div class=\"legal-contact\">\n<p class=\"legal-text\"><strong>Nursel \u00d6nen<\/strong><br \/>Meri\u00e7 Mah., 5743. Sk.<br \/>MTK Tekstilciler Sitesi No: 3\/A<br \/>35170 Bornova\/\u0130zmir<br \/>T\u00fcrkiye<\/p>\n<\/div>\n<div class=\"legal-contact\">\n<p class=\"legal-text\"><strong>Telefon:<\/strong> +90 (532) 706 91 33<br \/><strong>E-posta:<\/strong> hello@mr-roo.art<\/p>\n<\/div>\n<\/div><\/div><\/div><\/div><\/div>\n","protected":false},"excerpt":{"rendered":"","protected":false},"author":1,"featured_media":0,"parent":0,"menu_order":0,"comment_status":"closed","ping_status":"closed","template":"","meta":{"footnotes":""},"dipi_cpt_category":[],"class_list":["post-375","page","type-page","status-publish","hentry"],"_links":{"self":[{"href":"https:\/\/www.mr-roo.art\/tr\/wp-json\/wp\/v2\/pages\/375","targetHints":{"allow":["GET"]}}],"collection":[{"href":"https:\/\/www.mr-roo.art\/tr\/wp-json\/wp\/v2\/pages"}],"about":[{"href":"https:\/\/www.mr-roo.art\/tr\/wp-json\/wp\/v2\/types\/page"}],"author":[{"embeddable":true,"href":"https:\/\/www.mr-roo.art\/tr\/wp-json\/wp\/v2\/users\/1"}],"replies":[{"embeddable":true,"href":"https:\/\/www.mr-roo.art\/tr\/wp-json\/wp\/v2\/comments?post=375"}],"version-history":[{"count":3,"href":"https:\/\/www.mr-roo.art\/tr\/wp-json\/wp\/v2\/pages\/375\/revisions"}],"predecessor-version":[{"id":605,"href":"https:\/\/www.mr-roo.art\/tr\/wp-json\/wp\/v2\/pages\/375\/revisions\/605"}],"wp:attachment":[{"href":"https:\/\/www.mr-roo.art\/tr\/wp-json\/wp\/v2\/media?parent=375"}],"wp:term":[{"taxonomy":"dipi_cpt_category","embeddable":true,"href":"https:\/\/www.mr-roo.art\/tr\/wp-json\/wp\/v2\/dipi_cpt_category?post=375"}],"curies":[{"name":"wp","href":"https:\/\/api.w.org\/{rel}","templated":true}]}}