{"id":369,"date":"2019-06-12T16:03:13","date_gmt":"2019-06-12T14:03:13","guid":{"rendered":"https:\/\/www.mr-roo.art\/kunye\/"},"modified":"2026-02-26T19:41:55","modified_gmt":"2026-02-26T18:41:55","slug":"kunye","status":"publish","type":"page","link":"https:\/\/www.mr-roo.art\/tr\/kunye\/","title":{"rendered":"K\u00fcnye"},"content":{"rendered":"\n<div class=\"et_pb_section_0 et_pb_section et_section_regular et_block_section et_animated preset--module--divi-section--74c69059-8e69-4122-b1e6-dfeabf6c5711\"><div class=\"et_pb_row_0 et_pb_row et_pb_equal_columns et_block_row et_animated preset--module--divi-row--5138c454-be54-4233-bd3b-f8e6a8747976\"><div class=\"et_pb_column_0 et_pb_column et_pb_column_1_2 et_block_column et_pb_css_mix_blend_mode_passthrough preset--module--divi-column--73121f80-a3ef-4484-8763-c3f18e3c56d2\"><div class=\"et_pb_text_0 et_pb_text et_pb_bg_layout_light et_pb_module et_block_module preset--module--divi-text--2c55a9c4-feed-423b-9edb-ae0b5b365cac\"><div class=\"et_pb_text_inner\"><h1>K\u00fcnye<\/h1>\n<\/div><\/div><div class=\"et_pb_module et_pb_button_module_wrapper et_pb_button_0_wrapper preset--module--divi-button--1bffc0fc-42a0-49d1-bd9a-ae3ade2d7206_wrapper\"><a class=\"et_pb_button_0 et_pb_button et_pb_bg_layout_light et_animated et_pb_module et_block_module preset--module--divi-button--1bffc0fc-42a0-49d1-bd9a-ae3ade2d7206\" href=\"#more\">daha fazla oku<\/a><\/div><\/div><div class=\"et_pb_column_1 et_pb_column et_pb_column_1_2 et-last-child et_block_column et_pb_css_mix_blend_mode_passthrough preset--module--divi-column--73121f80-a3ef-4484-8763-c3f18e3c56d2\"><div class=\"et_pb_image_0 et_pb_image et_animated et_pb_module et_block_module preset--module--divi-image--1cc6152f-565c-4c4d-b0c9-cf8c9576c341\"><span class=\"et_pb_image_wrap\"><img loading=\"lazy\" decoding=\"async\" src=\"https:\/\/www.mr-roo.art\/wp-content\/uploads\/2025\/12\/nursel-oenen-portrait-2.png\" width=\"1200\" height=\"1500\" srcset=\"https:\/\/www.mr-roo.art\/wp-content\/uploads\/2025\/12\/nursel-oenen-portrait-2.png 1200w, https:\/\/www.mr-roo.art\/wp-content\/uploads\/2025\/12\/nursel-oenen-portrait-2-980x1225.png 980w, https:\/\/www.mr-roo.art\/wp-content\/uploads\/2025\/12\/nursel-oenen-portrait-2-480x600.png 480w\" sizes=\"(min-width: 0px) and (max-width: 480px) 480px, (min-width: 481px) and (max-width: 980px) 980px, (min-width: 981px) 1200px, 100vw\" class=\"wp-image-302\" title=\"Nursel \u00d6nen Portresi\" \/><\/span><\/div><\/div><\/div><\/div><div class=\"et_pb_section_1 et_pb_section et_section_regular et_block_section\" id=\"daha fazla\"><div class=\"et_pb_row_1 et_pb_row et_block_row\"><div class=\"et_pb_column_2 et_pb_column et_pb_column_4_4 et-last-child et_block_column et_pb_css_mix_blend_mode_passthrough\"><div class=\"et_pb_text_1 et_pb_text et_pb_bg_layout_light et_pb_module et_block_module\"><div class=\"et_pb_text_inner\"><p>K\u00fcnye<\/p>\n<\/div><\/div><div class=\"et_pb_text_2 et_pb_text et_pb_bg_layout_light et_pb_module et_block_module\"><div class=\"et_pb_text_inner\"><div class=\"legal-contact\">\n<p class=\"legal-text\"><strong>Nursel \u00d6nen<\/strong><br \/>\nMeri\u00e7 Mah., 5743. Sk.<br \/>\nMTK Tekstilciler Sitesi No: 3\/A<br \/>\n35170 Bornova\/\u0130zmir<br \/>\nT\u00fcrkiye<\/p>\n<\/div>\n<div class=\"legal-contact\">\n<p class=\"legal-text\"><strong>Telefon:<\/strong> +90 (532) 706 91 33<br \/>\n<strong>E-posta:<\/strong> hello@mr-roo.art<br \/>\n<strong>Web sitesi:<\/strong> <a href=\"https:\/\/www.mr-roo.art\/tr\/\">https:\/\/www.mr-roo.art<\/a><\/p>\n<\/div>\n<hr class=\"legal-divider\">\n<blockquote class=\"turkey-notice\">\n<p class=\"legal-text\"><strong>\ud83c\uddf9\ud83c\uddf7 T\u00fcrk \u0130\u015fletme Kayd\u0131<\/strong><\/p>\n<p class=\"legal-text\">Bu i\u015fletme T\u00fcrkiye'de kay\u0131tl\u0131d\u0131r ve T\u00fcrk hukukuna g\u00f6re faaliyet g\u00f6stermektedir. T\u00fcrk m\u00fc\u015fteriler i\u00e7in, T\u00fcrkiye Cumhuriyeti'nin t\u00fcm ge\u00e7erli t\u00fcketici koruma yasalar\u0131 ve y\u00f6netmelikleri ge\u00e7erlidir. <\/p>\n<\/blockquote>\n<\/div><\/div><\/div><\/div><\/div>\n","protected":false},"excerpt":{"rendered":"","protected":false},"author":1,"featured_media":0,"parent":0,"menu_order":0,"comment_status":"closed","ping_status":"closed","template":"","meta":{"footnotes":""},"dipi_cpt_category":[],"class_list":["post-369","page","type-page","status-publish","hentry"],"_links":{"self":[{"href":"https:\/\/www.mr-roo.art\/tr\/wp-json\/wp\/v2\/pages\/369","targetHints":{"allow":["GET"]}}],"collection":[{"href":"https:\/\/www.mr-roo.art\/tr\/wp-json\/wp\/v2\/pages"}],"about":[{"href":"https:\/\/www.mr-roo.art\/tr\/wp-json\/wp\/v2\/types\/page"}],"author":[{"embeddable":true,"href":"https:\/\/www.mr-roo.art\/tr\/wp-json\/wp\/v2\/users\/1"}],"replies":[{"embeddable":true,"href":"https:\/\/www.mr-roo.art\/tr\/wp-json\/wp\/v2\/comments?post=369"}],"version-history":[{"count":3,"href":"https:\/\/www.mr-roo.art\/tr\/wp-json\/wp\/v2\/pages\/369\/revisions"}],"predecessor-version":[{"id":611,"href":"https:\/\/www.mr-roo.art\/tr\/wp-json\/wp\/v2\/pages\/369\/revisions\/611"}],"wp:attachment":[{"href":"https:\/\/www.mr-roo.art\/tr\/wp-json\/wp\/v2\/media?parent=369"}],"wp:term":[{"taxonomy":"dipi_cpt_category","embeddable":true,"href":"https:\/\/www.mr-roo.art\/tr\/wp-json\/wp\/v2\/dipi_cpt_category?post=369"}],"curies":[{"name":"wp","href":"https:\/\/api.w.org\/{rel}","templated":true}]}}