{"id":372,"date":"2019-05-12T11:40:55","date_gmt":"2019-05-12T09:40:55","guid":{"rendered":"https:\/\/www.mr-roo.art\/datenschutzbestimmungen\/"},"modified":"2026-02-26T19:41:52","modified_gmt":"2026-02-26T18:41:52","slug":"datenschutzbestimmungen","status":"publish","type":"page","link":"https:\/\/www.mr-roo.art\/de\/datenschutzbestimmungen\/","title":{"rendered":"Datenschutzbestimmungen"},"content":{"rendered":"\n<div class=\"et_pb_section_0 et_pb_section et_section_regular et_block_section et_animated preset--module--divi-section--74c69059-8e69-4122-b1e6-dfeabf6c5711\"><div class=\"et_pb_row_0 et_pb_row et_pb_equal_columns et_block_row et_animated preset--module--divi-row--5138c454-be54-4233-bd3b-f8e6a8747976\"><div class=\"et_pb_column_0 et_pb_column et_pb_column_1_2 et_block_column et_pb_css_mix_blend_mode_passthrough preset--module--divi-column--73121f80-a3ef-4484-8763-c3f18e3c56d2\"><div class=\"et_pb_text_0 et_pb_text et_pb_bg_layout_light et_pb_module et_block_module preset--module--divi-text--2c55a9c4-feed-423b-9edb-ae0b5b365cac\"><div class=\"et_pb_text_inner\"><h1>Datenschutzbestimmungen<\/h1>\n<\/div><\/div><div class=\"et_pb_module et_pb_button_module_wrapper et_pb_button_0_wrapper preset--module--divi-button--1bffc0fc-42a0-49d1-bd9a-ae3ade2d7206_wrapper\"><a class=\"et_pb_button_0 et_pb_button et_pb_bg_layout_light et_animated et_pb_module et_block_module preset--module--divi-button--1bffc0fc-42a0-49d1-bd9a-ae3ade2d7206\" href=\"#more\">Mehr erfahren<\/a><\/div><\/div><div class=\"et_pb_column_1 et_pb_column et_pb_column_1_2 et-last-child et_block_column et_pb_css_mix_blend_mode_passthrough preset--module--divi-column--73121f80-a3ef-4484-8763-c3f18e3c56d2\"><div class=\"et_pb_image_0 et_pb_image et_animated et_pb_module et_block_module preset--module--divi-image--1cc6152f-565c-4c4d-b0c9-cf8c9576c341\"><span class=\"et_pb_image_wrap\"><img loading=\"lazy\" decoding=\"async\" src=\"https:\/\/www.mr-roo.art\/wp-content\/uploads\/2025\/12\/nursel-oenen-portrait-2.png\" width=\"1200\" height=\"1500\" srcset=\"https:\/\/www.mr-roo.art\/wp-content\/uploads\/2025\/12\/nursel-oenen-portrait-2.png 1200w, https:\/\/www.mr-roo.art\/wp-content\/uploads\/2025\/12\/nursel-oenen-portrait-2-980x1225.png 980w, https:\/\/www.mr-roo.art\/wp-content\/uploads\/2025\/12\/nursel-oenen-portrait-2-480x600.png 480w\" sizes=\"(min-width: 0px) and (max-width: 480px) 480px, (min-width: 481px) and (max-width: 980px) 980px, (min-width: 981px) 1200px, 100vw\" class=\"wp-image-302\" title=\"Nursel Oenen Portr\u00e4t\" \/><\/span><\/div><\/div><\/div><\/div><div class=\"et_pb_section_1 et_pb_section et_section_regular et_block_section\" id=\"mehr\"><div class=\"et_pb_row_1 et_pb_row et_block_row\"><div class=\"et_pb_column_2 et_pb_column et_pb_column_4_4 et-last-child et_block_column et_pb_css_mix_blend_mode_passthrough\"><div class=\"et_pb_text_1 et_pb_text et_pb_bg_layout_light et_pb_module et_block_module\"><div class=\"et_pb_text_inner\"><p>Datenschutzbestimmungen<\/p>\n<\/div><\/div><div class=\"et_pb_text_2 et_pb_text et_pb_bg_layout_light et_pb_module et_block_module\"><div class=\"et_pb_text_inner\"><h2 class=\"legal-section\">\u00a7 1 Allgemeine Informationen<\/h2>\n<p class=\"legal-text\">Ihre personenbezogenen Daten (z. B. Anrede, Name, Adresse, E-Mail-Adresse, Telefonnummer) werden von uns nur in \u00dcbereinstimmung mit den Bestimmungen des deutschen Datenschutzrechts, des Datenschutzrechts der Europ\u00e4ischen Union (EU) (DSGVO) und des t\u00fcrkischen Datenschutzrechts (KVKK - Gesetz Nr. 6698) verarbeitet. Die folgenden Bestimmungen informieren Sie \u00fcber die Zwecke der Verarbeitung, die Rechtsgrundlagen, die Empf\u00e4nger, die Speicherfristen sowie Ihre Rechte und den f\u00fcr Ihre Datenverarbeitung Verantwortlichen. Diese Datenschutzerkl\u00e4rung gilt nur f\u00fcr unsere Webseiten. Wenn Sie \u00fcber Links auf unseren Seiten auf andere Seiten weitergeleitet werden, informieren Sie sich bitte dort \u00fcber den jeweiligen Umgang mit Ihren Daten.   <\/p>\n<blockquote class=\"turkey-notice\">\n<p class=\"legal-text\"><strong>\ud83c\uddf9\ud83c\uddf7 Hinweis f\u00fcr t\u00fcrkische Kunden:<\/strong> Als ein in der T\u00fcrkei ans\u00e4ssiges Unternehmen halten wir uns auch an das t\u00fcrkische Gesetz zum Schutz personenbezogener Daten (KVKK - Ki\u015fisel Verilerin Korunmas\u0131 Kanunu, Gesetz Nr. 6698).<\/p>\n<\/blockquote>\n<hr class=\"legal-divider\">\n<h2 class=\"legal-section\">\u00a7 2 Kontakt<\/h2>\n<h3 class=\"legal-subsection\">(1) Verarbeitungszweck<\/h3>\n<p class=\"legal-text\">Wir verarbeiten Ihre personenbezogenen Daten, die Sie uns per E-Mail, Kontaktformular usw. mitteilen, um Ihre Anfragen zu beantworten und zu bearbeiten. Sie sind nicht verpflichtet, uns Ihre personenbezogenen Daten mitzuteilen. Ohne Angabe Ihrer E-Mail-Adresse k\u00f6nnen wir Ihnen jedoch nicht per E-Mail antworten.  <\/p>\n<h3 class=\"legal-subsection\">(2) Rechtsgrundlagen<\/h3>\n<p class=\"legal-text\">a) Wenn Sie uns eine ausdr\u00fcckliche Einwilligung zur Verarbeitung Ihrer Daten erteilt haben, ist Art. 6 Abs. 1 lit. a DSGVO die Rechtsgrundlage f\u00fcr diese Verarbeitung.<\/p>\n<p class=\"legal-text\">b) Wenn wir Ihre Daten zur Durchf\u00fchrung vorvertraglicher Ma\u00dfnahmen verarbeiten, ist Art. 6 Abs. 1 lit. b DSGVO die Rechtsgrundlage.<\/p>\n<p class=\"legal-text\">c) In allen anderen F\u00e4llen (insbesondere bei Verwendung eines Kontaktformulars) ist Art. 6 Abs. 1 lit. f DSGVO die Rechtsgrundlage.<\/p>\n<blockquote class=\"legal-highlight\">\n<p class=\"legal-text\"><strong>WIDERSPRUCHSRECHT:<\/strong> Sie haben das Recht, jederzeit gegen die Datenverarbeitung auf der Grundlage von Art. 6 Abs. 1 lit. f DSGVO, die nicht dem Direktmarketing dient, aus Gr\u00fcnden, die sich aus Ihrer besonderen Situation ergeben, Widerspruch einzulegen.<\/p>\n<p class=\"legal-text\">Im Falle von Direktmarketing k\u00f6nnen Sie der Verarbeitung jederzeit ohne Angabe von Gr\u00fcnden widersprechen.<\/p>\n<\/blockquote>\n<h3 class=\"legal-subsection\">(3) Berechtigtes Interesse<\/h3>\n<p class=\"legal-text\">Unser berechtigtes Interesse an der Verarbeitung besteht darin, schnell mit Ihnen zu kommunizieren und Ihre Anfragen kosteng\u00fcnstig zu beantworten. Wenn Sie uns Ihre Adresse mitteilen, behalten wir uns das Recht vor, diese f\u00fcr postalische Direktwerbung zu nutzen. Sie k\u00f6nnen Ihr Interesse am Datenschutz durch eine eingeschr\u00e4nkte Datenweitergabe sch\u00fctzen (z. B. durch die Verwendung eines Pseudonyms).  <\/p>\n<h3 class=\"legal-subsection\">(4) Empf\u00e4ngerkategorien<\/h3>\n<p class=\"legal-text\">Hosting-Provider, Versanddienstleister f\u00fcr Direktmarketing<\/p>\n<h3 class=\"legal-subsection\">(5) Speicherfrist<\/h3>\n<p class=\"legal-text\">Ihre Daten werden gel\u00f6scht, wenn aus den Umst\u00e4nden geschlossen werden kann, dass Ihre Anfrage oder der betreffende Sachverhalt abschlie\u00dfend gekl\u00e4rt ist.<\/p>\n<p class=\"legal-text\">Wenn jedoch ein Vertrag abgeschlossen wird, werden die nach Handels- und Steuerrecht erforderlichen Daten von uns f\u00fcr die gesetzlich vorgeschriebenen Zeitr\u00e4ume aufbewahrt, in der Regel zehn Jahre (siehe \u00a7 257 HGB, \u00a7 147 AO).<\/p>\n<h3 class=\"legal-subsection\">(6) Widerrufsrecht<\/h3>\n<p class=\"legal-text\">Wenn die Verarbeitung auf Ihrer Einwilligung beruht, haben Sie das Recht, Ihre Einwilligung jederzeit zu widerrufen.<\/p>\n<hr class=\"legal-divider\">\n<h2 class=\"legal-section\">\u00a7 3 Ihre Rechte als betroffene Person<\/h2>\n<p class=\"legal-text\">Wenn personenbezogene Daten von Ihnen verarbeitet werden, sind Sie eine betroffene Person im Sinne der DSGVO und haben die folgenden Rechte gegen\u00fcber uns als dem Verantwortlichen:<\/p>\n<h3 class=\"legal-subsection\">1. Recht auf Auskunft<\/h3>\n<p class=\"legal-text\">Sie k\u00f6nnen Auskunft \u00fcber Ihre von uns verarbeiteten personenbezogenen Daten im Rahmen von Art. 15 DSGVO verlangen.<\/p>\n<h3 class=\"legal-subsection\">2. Recht auf Berichtigung<\/h3>\n<p class=\"legal-text\">Wenn die Sie betreffenden Angaben nicht (mehr) zutreffend sind, k\u00f6nnen Sie eine Berichtigung nach Art. 16 DSGVO verlangen. Wenn Ihre Daten unvollst\u00e4ndig sind, k\u00f6nnen Sie eine Vervollst\u00e4ndigung verlangen. <\/p>\n<h3 class=\"legal-subsection\">3. Recht auf L\u00f6schung<\/h3>\n<p class=\"legal-text\">Sie k\u00f6nnen die L\u00f6schung Ihrer personenbezogenen Daten unter den Bedingungen von Art. 17 DSGVO verlangen.<\/p>\n<h3 class=\"legal-subsection\">4. Recht auf Einschr\u00e4nkung der Verarbeitung<\/h3>\n<p class=\"legal-text\">Im Rahmen von Art. 18 DSGVO haben Sie das Recht, die Einschr\u00e4nkung der Verarbeitung der Sie betreffenden Daten zu verlangen.<\/p>\n<h3 class=\"legal-subsection\">5. Recht auf Daten\u00fcbertragbarkeit<\/h3>\n<p class=\"legal-text\">Nach Art. 20 DSGVO haben Sie das Recht, die Sie betreffenden personenbezogenen Daten, die Sie uns bereitgestellt haben, in einem strukturierten, g\u00e4ngigen und maschinenlesbaren Format zu erhalten oder die \u00dcbermittlung an einen anderen Verantwortlichen zu verlangen.<\/p>\n<h3 class=\"legal-subsection\">6. Recht auf Widerruf der datenschutzrechtlichen Einwilligung<\/h3>\n<p class=\"legal-text\">Nach Art. 7 Abs. 3 DSGVO haben Sie das Recht, Ihre datenschutzrechtliche Einwilligung jederzeit zu widerrufen. Die Rechtm\u00e4\u00dfigkeit der aufgrund der Einwilligung bis zum Widerruf erfolgten Verarbeitung wird dadurch nicht ber\u00fchrt. <\/p>\n<h3 class=\"legal-subsection\">7. Recht auf Beschwerde bei einer Aufsichtsbeh\u00f6rde<\/h3>\n<p class=\"legal-text\">Wenn Sie der Ansicht sind, dass die Verarbeitung der Sie betreffenden personenbezogenen Daten gegen die DSGVO verst\u00f6\u00dft, haben Sie das Recht, eine Beschwerde bei einer Aufsichtsbeh\u00f6rde einzureichen (insbesondere in dem Mitgliedstaat Ihres Wohnsitzes, Ihres Arbeitsplatzes oder des Ortes des mutma\u00dflichen Versto\u00dfes) gem\u00e4\u00df Art. 77 DSGVO.<\/p>\n<blockquote class=\"turkey-notice\">\n<p class=\"legal-text\"><strong>\ud83c\uddf9\ud83c\uddf7 F\u00fcr t\u00fcrkische Kunden:<\/strong> Sie k\u00f6nnen sich auch mit Beschwerden an die t\u00fcrkische Datenschutzbeh\u00f6rde (Ki\u015fisel Verileri Koruma Kurumu - KVKK) wenden: <a href=\"https:\/\/www.kvkk.gov.tr\" target=\"_blank\" rel=\"noopener\">https:\/\/www.kvkk.gov.tr<\/a><\/p>\n<\/blockquote>\n<blockquote class=\"legal-highlight\">\n<p class=\"legal-text\"><strong>Bitte beachten Sie auch Ihr Widerspruchsrecht gem\u00e4\u00df Art. 21 DSGVO:<\/strong><\/p>\n<p class=\"legal-text\"><strong>a) Allgemein: begr\u00fcndeter Widerspruch erforderlich<\/strong><\/p>\n<p class=\"legal-text\">Wenn Sie betreffende personenbezogene Daten verarbeitet werden:<\/p>\n<ul class=\"legal-list\">\n<li>zur Wahrung unseres \u00fcberwiegenden berechtigten Interesses (Rechtsgrundlage nach Art. 6 Abs. 1 lit. f DSGVO) oder<\/li>\n<li>im \u00f6ffentlichen Interesse (Rechtsgrundlage nach Art. 6 Abs. 1 lit. e DSGVO),<\/li>\n<\/ul>\n<p class=\"legal-text\">haben Sie das Recht, jederzeit Widerspruch gegen die Verarbeitung einzulegen, aus Gr\u00fcnden, die sich aus Ihrer besonderen Situation ergeben; dies gilt auch f\u00fcr ein auf die Bestimmungen der DSGVO gest\u00fctztes Profiling.<\/p>\n<p class=\"legal-text\">Im Falle eines Widerspruchs werden wir die Sie betreffenden personenbezogenen Daten nicht mehr verarbeiten, es sei denn, wir k\u00f6nnen zwingende schutzw\u00fcrdige Gr\u00fcnde f\u00fcr die Verarbeitung nachweisen, die Ihre Interessen, Rechte und Freiheiten \u00fcberwiegen, oder die Verarbeitung dient der Geltendmachung, Aus\u00fcbung oder Verteidigung von Rechtsanspr\u00fcchen.<\/p>\n<p class=\"legal-text\"><strong>b) Sonderfall Direktmarketing: einfacher Widerspruch gen\u00fcgt<\/strong><\/p>\n<p class=\"legal-text\">Wenn Sie betreffende personenbezogene Daten f\u00fcr Zwecke des Direktmarketings verarbeitet werden, haben Sie das Recht, dieser Verarbeitung jederzeit ohne Angabe von Gr\u00fcnden zu widersprechen; dies gilt auch f\u00fcr das Profiling, soweit es mit einem solchen Direktmarketing in Verbindung steht.<\/p>\n<p class=\"legal-text\">Wenn Sie der Verarbeitung f\u00fcr Zwecke des Direktmarketings widersprechen, werden die Sie betreffenden personenbezogenen Daten nicht mehr f\u00fcr diese Zwecke verarbeitet.<\/p>\n<\/blockquote>\n<hr class=\"legal-divider\">\n<h2 class=\"legal-section\">Verantwortlicher f\u00fcr die Datenverarbeitung<\/h2>\n<div class=\"legal-contact\">\n<p class=\"legal-text\"><strong>Nursel \u00d6nen<\/strong><br \/>Meri\u00e7 Mah., 5743. Sk.<br \/>MTK Tekstilciler Sitesi No: 3\/A<br \/>35170 Bornova\/\u0130zmir<br \/>T\u00fcrkei<\/p>\n<\/div>\n<div class=\"legal-contact\">\n<p class=\"legal-text\"><strong>Telefon:<\/strong> +90 (532) 706 91 33<br \/><strong>E-Mail:<\/strong> hello@mr-roo.art<\/p>\n<\/div>\n<\/div><\/div><\/div><\/div><\/div>\n","protected":false},"excerpt":{"rendered":"","protected":false},"author":1,"featured_media":0,"parent":0,"menu_order":0,"comment_status":"closed","ping_status":"closed","template":"","meta":{"footnotes":""},"dipi_cpt_category":[],"class_list":["post-372","page","type-page","status-publish","hentry"],"_links":{"self":[{"href":"https:\/\/www.mr-roo.art\/de\/wp-json\/wp\/v2\/pages\/372","targetHints":{"allow":["GET"]}}],"collection":[{"href":"https:\/\/www.mr-roo.art\/de\/wp-json\/wp\/v2\/pages"}],"about":[{"href":"https:\/\/www.mr-roo.art\/de\/wp-json\/wp\/v2\/types\/page"}],"author":[{"embeddable":true,"href":"https:\/\/www.mr-roo.art\/de\/wp-json\/wp\/v2\/users\/1"}],"replies":[{"embeddable":true,"href":"https:\/\/www.mr-roo.art\/de\/wp-json\/wp\/v2\/comments?post=372"}],"version-history":[{"count":3,"href":"https:\/\/www.mr-roo.art\/de\/wp-json\/wp\/v2\/pages\/372\/revisions"}],"predecessor-version":[{"id":604,"href":"https:\/\/www.mr-roo.art\/de\/wp-json\/wp\/v2\/pages\/372\/revisions\/604"}],"wp:attachment":[{"href":"https:\/\/www.mr-roo.art\/de\/wp-json\/wp\/v2\/media?parent=372"}],"wp:term":[{"taxonomy":"dipi_cpt_category","embeddable":true,"href":"https:\/\/www.mr-roo.art\/de\/wp-json\/wp\/v2\/dipi_cpt_category?post=372"}],"curies":[{"name":"wp","href":"https:\/\/api.w.org\/{rel}","templated":true}]}}